{"id":754,"date":"2024-01-26T14:42:41","date_gmt":"2024-01-26T13:42:41","guid":{"rendered":"https:\/\/www.ilsa.ba\/?page_id=754"},"modified":"2026-04-13T15:52:05","modified_gmt":"2026-04-13T13:52:05","slug":"aktuelno-2","status":"publish","type":"page","link":"https:\/\/www.ilsa.ba\/en\/aktuelno-2\/","title":{"rendered":"Aktuelno"},"content":{"rendered":"<h3>Aktuelno<\/h3>\n<div>\n<p>Aktuelne kolekcije su dostupne po promotivnim cijenama. Promo cijena je privremena, povezana je sa odre\u0111enim doga\u0111ajima, sezonskim promocijama ili posebnim prilikama. Iste \u0107e trajati odre\u0111eno vrijeme i razlikuju se od redovnih cijena proizvoda.<\/p>\n<\/div>\n<p><!--more--><br \/>\n<!-- {\"type\":\"layout\",\"children\":[{\"type\":\"section\",\"props\":{\"image\":\"wp-content\\\/uploads\\\/2024\\\/01\\\/shop-zaglavlje.jpeg\",\"image_position\":\"center-center\",\"style\":\"default\",\"title_breakpoint\":\"xl\",\"title_position\":\"top-left\",\"title_rotation\":\"left\",\"vertical_align\":\"\",\"width\":\"default\"},\"children\":[{\"type\":\"row\",\"props\":{\"layout\":\"1-2,1-2\"},\"children\":[{\"type\":\"column\",\"props\":{\"image_position\":\"center-center\",\"position_sticky_breakpoint\":\"m\",\"width_medium\":\"1-2\"},\"children\":[{\"type\":\"headline\",\"props\":{\"content\":\"Aktuelno\",\"title_element\":\"h3\"}}]},{\"type\":\"column\",\"props\":{\"image_position\":\"center-center\",\"position_sticky_breakpoint\":\"m\",\"width_medium\":\"1-2\"},\"children\":[{\"type\":\"breadcrumbs\",\"props\":{\"position\":\"relative\",\"position_right\":\"20\",\"show_current\":true,\"show_home\":true,\"text_align\":\"right\",\"visibility\":\"l\"}}]}]}]},{\"type\":\"section\",\"props\":{\"image_position\":\"center-center\",\"padding\":\"xsmall\",\"style\":\"default\",\"title_breakpoint\":\"xl\",\"title_position\":\"top-left\",\"title_rotation\":\"left\",\"vertical_align\":\"\",\"width\":\"default\"},\"children\":[{\"type\":\"row\",\"children\":[{\"type\":\"column\",\"props\":{\"image_position\":\"center-center\",\"position_sticky_breakpoint\":\"m\"},\"children\":[{\"type\":\"text\",\"props\":{\"column_breakpoint\":\"m\",\"content\":\"\n\n<p>Aktuelne kolekcije su dostupne po promotivnim cijenama. Promo cijena je privremena, povezana je sa odre\\u0111enim doga\\u0111ajima, sezonskim promocijama ili posebnim prilikama. Iste \\u0107e trajati odre\\u0111eno vrijeme i razlikuju se od redovnih cijena proizvoda.<\\\/p>\",\"margin\":\"default\"}},{\"type\":\"woo_products\",\"props\":{\"cat_operator\":\"IN\",\"category\":\"Aktuelno\",\"columns\":4,\"limit\":9000,\"order\":\"asc\",\"orderby\":\"menu_order\",\"paginate\":\"false\",\"product_visibility\":\"visible\",\"show_count\":true,\"show_ordering\":true,\"show_rating\":true,\"show_title\":true,\"tag_operator\":\"IN\",\"terms_operator\":\"IN\",\"type\":\"products\"}}]}]}]}],\"version\":\"4.4.20\"} --><\/p>\n","protected":false},"excerpt":{"rendered":"<p>Aktuelno Aktuelne kolekcije su dostupne po promotivnim cijenama. Promo cijena je privremena, povezana je sa odre\u0111enim doga\u0111ajima, sezonskim promocijama ili posebnim prilikama. Iste \u0107e trajati odre\u0111eno vrijeme i razlikuju se od redovnih cijena proizvoda.<\/p>","protected":false},"author":1,"featured_media":0,"parent":0,"menu_order":0,"comment_status":"closed","ping_status":"closed","template":"","meta":{"footnotes":""},"class_list":["post-754","page","type-page","status-publish","hentry"],"_links":{"self":[{"href":"https:\/\/www.ilsa.ba\/en\/wp-json\/wp\/v2\/pages\/754","targetHints":{"allow":["GET"]}}],"collection":[{"href":"https:\/\/www.ilsa.ba\/en\/wp-json\/wp\/v2\/pages"}],"about":[{"href":"https:\/\/www.ilsa.ba\/en\/wp-json\/wp\/v2\/types\/page"}],"author":[{"embeddable":true,"href":"https:\/\/www.ilsa.ba\/en\/wp-json\/wp\/v2\/users\/1"}],"replies":[{"embeddable":true,"href":"https:\/\/www.ilsa.ba\/en\/wp-json\/wp\/v2\/comments?post=754"}],"version-history":[{"count":10,"href":"https:\/\/www.ilsa.ba\/en\/wp-json\/wp\/v2\/pages\/754\/revisions"}],"predecessor-version":[{"id":2504,"href":"https:\/\/www.ilsa.ba\/en\/wp-json\/wp\/v2\/pages\/754\/revisions\/2504"}],"wp:attachment":[{"href":"https:\/\/www.ilsa.ba\/en\/wp-json\/wp\/v2\/media?parent=754"}],"curies":[{"name":"wp","href":"https:\/\/api.w.org\/{rel}","templated":true}]}}