{"id":1346,"date":"2024-03-04T23:20:27","date_gmt":"2024-03-04T22:20:27","guid":{"rendered":"https:\/\/www.ilsa.ba\/?post_type=product&#038;p=1346"},"modified":"2024-05-27T19:34:11","modified_gmt":"2024-05-27T17:34:11","slug":"podkapica","status":"publish","type":"product","link":"https:\/\/www.ilsa.ba\/en\/product\/podkapica\/","title":{"rendered":"Podkapica Tamno Plava"},"content":{"rendered":"","protected":false},"excerpt":{"rendered":"<h6>DIMENZIONIRANJE<\/h6>\n<ul>\n<li>Veli\u010dina univerzalna.<\/li>\n<\/ul>\n<h6>ODR\u017dAVANJE<\/h6>\n<ul>\n<li>Po\u017eeljno ru\u010dno pranje ili ma\u0161insko pranje do 30\u00b0C.<\/li>\n<li>Su\u0161enje na zraku, pa\u017eljivo peglati sa unutra\u0161nje strane.<\/li>\n<li>Materijal: Pamuk.<\/li>","protected":false},"featured_media":1347,"comment_status":"open","ping_status":"closed","template":"","meta":[],"product_brand":[],"product_cat":[40],"product_tag":[],"class_list":{"0":"post-1346","1":"product","2":"type-product","3":"status-publish","4":"has-post-thumbnail","6":"product_cat-podkapice","8":"first","9":"instock","10":"shipping-taxable","11":"purchasable","12":"product-type-simple"},"_links":{"self":[{"href":"https:\/\/www.ilsa.ba\/en\/wp-json\/wp\/v2\/product\/1346","targetHints":{"allow":["GET"]}}],"collection":[{"href":"https:\/\/www.ilsa.ba\/en\/wp-json\/wp\/v2\/product"}],"about":[{"href":"https:\/\/www.ilsa.ba\/en\/wp-json\/wp\/v2\/types\/product"}],"replies":[{"embeddable":true,"href":"https:\/\/www.ilsa.ba\/en\/wp-json\/wp\/v2\/comments?post=1346"}],"wp:featuredmedia":[{"embeddable":true,"href":"https:\/\/www.ilsa.ba\/en\/wp-json\/wp\/v2\/media\/1347"}],"wp:attachment":[{"href":"https:\/\/www.ilsa.ba\/en\/wp-json\/wp\/v2\/media?parent=1346"}],"wp:term":[{"taxonomy":"product_brand","embeddable":true,"href":"https:\/\/www.ilsa.ba\/en\/wp-json\/wp\/v2\/product_brand?post=1346"},{"taxonomy":"product_cat","embeddable":true,"href":"https:\/\/www.ilsa.ba\/en\/wp-json\/wp\/v2\/product_cat?post=1346"},{"taxonomy":"product_tag","embeddable":true,"href":"https:\/\/www.ilsa.ba\/en\/wp-json\/wp\/v2\/product_tag?post=1346"}],"curies":[{"name":"wp","href":"https:\/\/api.w.org\/{rel}","templated":true}]}}