{"id":229,"date":"2023-11-25T20:49:00","date_gmt":"2023-11-25T19:49:00","guid":{"rendered":"https:\/\/www.ilsa.ba\/?post_type=product&#038;p=229"},"modified":"2024-04-06T12:04:09","modified_gmt":"2024-04-06T10:04:09","slug":"cherry-blossom","status":"publish","type":"product","link":"https:\/\/www.ilsa.ba\/en\/product\/cherry-blossom\/","title":{"rendered":"Cherry blossom"},"content":{"rendered":"<ul>\n<li>Hanfu ogrta\u010d\u00a0 1066<\/li>\n<li>Hanfu bluza 1063<\/li>\n<li>Hanfu suknja 1064<\/li>\n<\/ul>","protected":false},"excerpt":{"rendered":"<h6>DIMENZIONIRANJE<\/h6>\n<ul>\n<li>Od mjera potrebno: obim grudi, du\u017eina rukava, obim ru\u010dnog zgloba, obim nadlaktice, obim struka, du\u017eina haljine, du\u017eina suknje.U sva ostala mjerna polja upi\u0161ite broj &#8220;0&#8221;! Veli\u010dine hanfu ogrta\u010da su univerzalne. Maximalna du\u017eina hanfu ogrta\u010da je 1066 &#8211; 150cm. Ukoliko je potrebno da ogrta\u010d bude kra\u0107i, ukupnu du\u017einu ogrta\u010da unesite u polje &#8220;du\u017eina haljine&#8221;.<\/li>\n<\/ul>\n<h6>ODR\u017dAVANJE<\/h6>\n<ul>\n<li>Po\u017eeljno ru\u010dno ili ma\u0161insko pranje do 30\u00b0C.<\/li>\n<li>Su\u0161enje na zraku, pa\u017eljivo peglati sa unutra\u0161nje strane<\/li>\n<li>Materijal: Vezeni muslin, tanki saten.<\/li>\n<\/ul>","protected":false},"featured_media":232,"comment_status":"open","ping_status":"closed","template":"","meta":[],"product_brand":[],"product_cat":[18,17,48],"product_tag":[],"class_list":{"0":"post-229","1":"product","2":"type-product","3":"status-publish","4":"has-post-thumbnail","6":"product_cat-ljeto","7":"product_cat-proljece","8":"product_cat-setovi","10":"first","11":"instock","12":"shipping-taxable","13":"purchasable","14":"product-type-simple"},"_links":{"self":[{"href":"https:\/\/www.ilsa.ba\/en\/wp-json\/wp\/v2\/product\/229","targetHints":{"allow":["GET"]}}],"collection":[{"href":"https:\/\/www.ilsa.ba\/en\/wp-json\/wp\/v2\/product"}],"about":[{"href":"https:\/\/www.ilsa.ba\/en\/wp-json\/wp\/v2\/types\/product"}],"replies":[{"embeddable":true,"href":"https:\/\/www.ilsa.ba\/en\/wp-json\/wp\/v2\/comments?post=229"}],"wp:featuredmedia":[{"embeddable":true,"href":"https:\/\/www.ilsa.ba\/en\/wp-json\/wp\/v2\/media\/232"}],"wp:attachment":[{"href":"https:\/\/www.ilsa.ba\/en\/wp-json\/wp\/v2\/media?parent=229"}],"wp:term":[{"taxonomy":"product_brand","embeddable":true,"href":"https:\/\/www.ilsa.ba\/en\/wp-json\/wp\/v2\/product_brand?post=229"},{"taxonomy":"product_cat","embeddable":true,"href":"https:\/\/www.ilsa.ba\/en\/wp-json\/wp\/v2\/product_cat?post=229"},{"taxonomy":"product_tag","embeddable":true,"href":"https:\/\/www.ilsa.ba\/en\/wp-json\/wp\/v2\/product_tag?post=229"}],"curies":[{"name":"wp","href":"https:\/\/api.w.org\/{rel}","templated":true}]}}