{"id":262,"date":"2023-11-25T21:41:05","date_gmt":"2023-11-25T20:41:05","guid":{"rendered":"https:\/\/www.ilsa.ba\/?post_type=product&#038;p=262"},"modified":"2024-04-06T11:59:00","modified_gmt":"2024-04-06T09:59:00","slug":"mysticism","status":"publish","type":"product","link":"https:\/\/www.ilsa.ba\/en\/product\/mysticism\/","title":{"rendered":"Mysticism"},"content":{"rendered":"<ul>\n<li>Bazna haljina 1017<\/li>\n<li>Prsluk + ukrasne man\u017eete 1018<\/li>\n<\/ul>","protected":false},"excerpt":{"rendered":"<h6>DIMENZIONIRANJE<\/h6>\n<ul>\n<li>Od mjera potrebno: Od mjera potrebno: obim grudi, obim struka, du\u017eina rukava, obim ru\u010dnog zgloba, obim nadlaktice, du\u017eina haljine. U sva ostala mjerna polja upi\u0161ite broj &#8220;0&#8221;!<\/li>\n<\/ul>\n<h6>ODR\u017dAVANJE<\/h6>\n<ul>\n<li>Ma\u0161insko ili ru\u010dno pranje na 30\u00b0C.<\/li>\n<li>Su\u0161enje na zraku ili u ma\u0161ini za su\u0161enje ve\u0161a.<\/li>\n<li>Materijal: Medinska svila, muslin, brokat.<\/li>\n<\/ul>","protected":false},"featured_media":263,"comment_status":"open","ping_status":"closed","template":"","meta":[],"product_brand":[],"product_cat":[18,17,48],"product_tag":[],"class_list":{"0":"post-262","1":"product","2":"type-product","3":"status-publish","4":"has-post-thumbnail","6":"product_cat-ljeto","7":"product_cat-proljece","8":"product_cat-setovi","10":"first","11":"instock","12":"shipping-taxable","13":"purchasable","14":"product-type-simple"},"_links":{"self":[{"href":"https:\/\/www.ilsa.ba\/en\/wp-json\/wp\/v2\/product\/262","targetHints":{"allow":["GET"]}}],"collection":[{"href":"https:\/\/www.ilsa.ba\/en\/wp-json\/wp\/v2\/product"}],"about":[{"href":"https:\/\/www.ilsa.ba\/en\/wp-json\/wp\/v2\/types\/product"}],"replies":[{"embeddable":true,"href":"https:\/\/www.ilsa.ba\/en\/wp-json\/wp\/v2\/comments?post=262"}],"wp:featuredmedia":[{"embeddable":true,"href":"https:\/\/www.ilsa.ba\/en\/wp-json\/wp\/v2\/media\/263"}],"wp:attachment":[{"href":"https:\/\/www.ilsa.ba\/en\/wp-json\/wp\/v2\/media?parent=262"}],"wp:term":[{"taxonomy":"product_brand","embeddable":true,"href":"https:\/\/www.ilsa.ba\/en\/wp-json\/wp\/v2\/product_brand?post=262"},{"taxonomy":"product_cat","embeddable":true,"href":"https:\/\/www.ilsa.ba\/en\/wp-json\/wp\/v2\/product_cat?post=262"},{"taxonomy":"product_tag","embeddable":true,"href":"https:\/\/www.ilsa.ba\/en\/wp-json\/wp\/v2\/product_tag?post=262"}],"curies":[{"name":"wp","href":"https:\/\/api.w.org\/{rel}","templated":true}]}}