{"id":310,"date":"2023-11-25T21:54:57","date_gmt":"2023-11-25T20:54:57","guid":{"rendered":"https:\/\/www.ilsa.ba\/?post_type=product&#038;p=310"},"modified":"2024-04-06T11:50:24","modified_gmt":"2024-04-06T09:50:24","slug":"ilsa-casual-draped-with-purpose-2","status":"publish","type":"product","link":"https:\/\/www.ilsa.ba\/en\/product\/ilsa-casual-draped-with-purpose-2\/","title":{"rendered":"Ilsa casual &#8211; Draped with purpose"},"content":{"rendered":"<ul>\n<li>Kimono s pojasom 2003<\/li>\n<li>Majica\/rukavi 2006<\/li>\n<li>Pantalone 2001<\/li>\n<\/ul>","protected":false},"excerpt":{"rendered":"<h6>DIMENZIONIRANJE<\/h6>\n<ul>\n<li>Od mjera potrebno: obim bokova, obim struka, du\u017eina nogavice. Veli\u010dine kimona su univerzalne, du\u017eina kimona 125cm. Veli\u010dina majice je univerzalna, du\u017eina majice 75cm.<\/li>\n<\/ul>\n<h6>ODR\u017dAVANJE<\/h6>\n<ul>\n<li>Ma\u0161insko pranje na 30\u00b0C.<\/li>\n<li>Su\u0161enje na zraku, pa\u017eljivo peglati sa unutra\u0161nje strane.<\/li>\n<li>Materijal:Organic cotton<\/li>","protected":false},"featured_media":311,"comment_status":"open","ping_status":"closed","template":"","meta":[],"product_brand":[],"product_cat":[18,48],"product_tag":[],"class_list":{"0":"post-310","1":"product","2":"type-product","3":"status-publish","4":"has-post-thumbnail","6":"product_cat-ljeto","7":"product_cat-setovi","9":"first","10":"instock","11":"shipping-taxable","12":"purchasable","13":"product-type-simple"},"_links":{"self":[{"href":"https:\/\/www.ilsa.ba\/en\/wp-json\/wp\/v2\/product\/310","targetHints":{"allow":["GET"]}}],"collection":[{"href":"https:\/\/www.ilsa.ba\/en\/wp-json\/wp\/v2\/product"}],"about":[{"href":"https:\/\/www.ilsa.ba\/en\/wp-json\/wp\/v2\/types\/product"}],"replies":[{"embeddable":true,"href":"https:\/\/www.ilsa.ba\/en\/wp-json\/wp\/v2\/comments?post=310"}],"wp:featuredmedia":[{"embeddable":true,"href":"https:\/\/www.ilsa.ba\/en\/wp-json\/wp\/v2\/media\/311"}],"wp:attachment":[{"href":"https:\/\/www.ilsa.ba\/en\/wp-json\/wp\/v2\/media?parent=310"}],"wp:term":[{"taxonomy":"product_brand","embeddable":true,"href":"https:\/\/www.ilsa.ba\/en\/wp-json\/wp\/v2\/product_brand?post=310"},{"taxonomy":"product_cat","embeddable":true,"href":"https:\/\/www.ilsa.ba\/en\/wp-json\/wp\/v2\/product_cat?post=310"},{"taxonomy":"product_tag","embeddable":true,"href":"https:\/\/www.ilsa.ba\/en\/wp-json\/wp\/v2\/product_tag?post=310"}],"curies":[{"name":"wp","href":"https:\/\/api.w.org\/{rel}","templated":true}]}}