{"id":502,"date":"2023-11-26T00:04:06","date_gmt":"2023-11-25T23:04:06","guid":{"rendered":"https:\/\/www.ilsa.ba\/?post_type=product&#038;p=502"},"modified":"2024-04-06T11:25:23","modified_gmt":"2024-04-06T09:25:23","slug":"treasure-abaya-collection","status":"publish","type":"product","link":"https:\/\/www.ilsa.ba\/en\/product\/treasure-abaya-collection\/","title":{"rendered":"Treasure Abaya collection"},"content":{"rendered":"<p>Abaya Zlatna kocka, 1098<\/p>","protected":false},"excerpt":{"rendered":"<h6>DIMENZIONIRANJE<\/h6>\n<ul>\n<li>Veli\u010dina abaye se kre\u0107e u intervalu veli\u010dina 36-48. Kako bi bili sigurni da \u0107e Vam abaya odgovarati, upi\u0161ite navedene mjere u mjerna polja, da bi tim provjerio artikal prije slanja. Prilikom mjerenja metar ne smije da bude suvi\u0161e stegnut niti labavo. Od mjera potrebno: obim grudi, obim nadlaktice, du\u017eina rukava, ukupna du\u017eina haljine. U sva ostala mjerna polja upi\u0161ite broj &#8220;0&#8221;.<\/li>\n<\/ul>\n<h6>ODR\u017dAVANJE<\/h6>\n<ul>\n<li>Ma\u0161insko pranje na 30\u00b0C.<\/li>\n<li>Su\u0161enje na zraku, pa\u017eljivo peglati sa unutra\u0161nje strane.<\/li>\n<li>Materijal: Arabia.<\/li>\n<\/ul>\n<p>U cijenu je uklju\u010den i ukrasni pojas, koji se mo\u017ee poslu\u017eiti i kao asesoar.<\/p>","protected":false},"featured_media":503,"comment_status":"open","ping_status":"closed","template":"","meta":[],"product_brand":[],"product_cat":[38],"product_tag":[],"class_list":{"0":"post-502","1":"product","2":"type-product","3":"status-publish","4":"has-post-thumbnail","6":"product_cat-haljina","8":"first","9":"instock","10":"shipping-taxable","11":"purchasable","12":"product-type-simple"},"_links":{"self":[{"href":"https:\/\/www.ilsa.ba\/en\/wp-json\/wp\/v2\/product\/502","targetHints":{"allow":["GET"]}}],"collection":[{"href":"https:\/\/www.ilsa.ba\/en\/wp-json\/wp\/v2\/product"}],"about":[{"href":"https:\/\/www.ilsa.ba\/en\/wp-json\/wp\/v2\/types\/product"}],"replies":[{"embeddable":true,"href":"https:\/\/www.ilsa.ba\/en\/wp-json\/wp\/v2\/comments?post=502"}],"wp:featuredmedia":[{"embeddable":true,"href":"https:\/\/www.ilsa.ba\/en\/wp-json\/wp\/v2\/media\/503"}],"wp:attachment":[{"href":"https:\/\/www.ilsa.ba\/en\/wp-json\/wp\/v2\/media?parent=502"}],"wp:term":[{"taxonomy":"product_brand","embeddable":true,"href":"https:\/\/www.ilsa.ba\/en\/wp-json\/wp\/v2\/product_brand?post=502"},{"taxonomy":"product_cat","embeddable":true,"href":"https:\/\/www.ilsa.ba\/en\/wp-json\/wp\/v2\/product_cat?post=502"},{"taxonomy":"product_tag","embeddable":true,"href":"https:\/\/www.ilsa.ba\/en\/wp-json\/wp\/v2\/product_tag?post=502"}],"curies":[{"name":"wp","href":"https:\/\/api.w.org\/{rel}","templated":true}]}}