{"id":514,"date":"2023-11-26T00:12:19","date_gmt":"2023-11-25T23:12:19","guid":{"rendered":"https:\/\/www.ilsa.ba\/?post_type=product&#038;p=514"},"modified":"2024-05-03T12:38:01","modified_gmt":"2024-05-03T10:38:01","slug":"history-inspirated-costume-dress","status":"publish","type":"product","link":"https:\/\/www.ilsa.ba\/en\/product\/history-inspirated-costume-dress\/","title":{"rendered":"History inspired costume dress"},"content":{"rendered":"<p>XVIII stolje\u0107e<br \/>\nSet: kostim 1011, haljina 1017, podhaljina 1034<\/p>","protected":false},"excerpt":{"rendered":"<h6>DIMENZIONIRANJE<\/h6>\n<ul>\n<li>Kompletan kostim se radi po Va\u0161im mjerama, upi\u0161ite sve navedene mjere!.<\/li>\n<\/ul>\n<h6>ODR\u017dAVANJE<\/h6>\n<ul>\n<li>Po\u017eeljno ru\u010dno pranje ili ma\u0161insko pranje do 20\u00b0C.<\/li>\n<li>Su\u0161enje na zraku, pa\u017eljivo peglati sa unutra\u0161nje strane.<\/li>\n<li>Materijal: Brokat, organic cotton, medina svila.<\/li>\n<\/ul>","protected":false},"featured_media":515,"comment_status":"open","ping_status":"closed","template":"","meta":[],"product_brand":[],"product_cat":[19,55,17,48,16,20],"product_tag":[],"class_list":{"0":"post-514","1":"product","2":"type-product","3":"status-publish","4":"has-post-thumbnail","6":"product_cat-jesen","7":"product_cat-kostimi","8":"product_cat-proljece","9":"product_cat-setovi","10":"product_cat-uncategorized","11":"product_cat-zima","13":"first","14":"instock","15":"shipping-taxable","16":"purchasable","17":"product-type-simple"},"_links":{"self":[{"href":"https:\/\/www.ilsa.ba\/en\/wp-json\/wp\/v2\/product\/514","targetHints":{"allow":["GET"]}}],"collection":[{"href":"https:\/\/www.ilsa.ba\/en\/wp-json\/wp\/v2\/product"}],"about":[{"href":"https:\/\/www.ilsa.ba\/en\/wp-json\/wp\/v2\/types\/product"}],"replies":[{"embeddable":true,"href":"https:\/\/www.ilsa.ba\/en\/wp-json\/wp\/v2\/comments?post=514"}],"wp:featuredmedia":[{"embeddable":true,"href":"https:\/\/www.ilsa.ba\/en\/wp-json\/wp\/v2\/media\/515"}],"wp:attachment":[{"href":"https:\/\/www.ilsa.ba\/en\/wp-json\/wp\/v2\/media?parent=514"}],"wp:term":[{"taxonomy":"product_brand","embeddable":true,"href":"https:\/\/www.ilsa.ba\/en\/wp-json\/wp\/v2\/product_brand?post=514"},{"taxonomy":"product_cat","embeddable":true,"href":"https:\/\/www.ilsa.ba\/en\/wp-json\/wp\/v2\/product_cat?post=514"},{"taxonomy":"product_tag","embeddable":true,"href":"https:\/\/www.ilsa.ba\/en\/wp-json\/wp\/v2\/product_tag?post=514"}],"curies":[{"name":"wp","href":"https:\/\/api.w.org\/{rel}","templated":true}]}}