{"id":532,"date":"2023-11-26T00:21:48","date_gmt":"2023-11-25T23:21:48","guid":{"rendered":"https:\/\/www.ilsa.ba\/?post_type=product&#038;p=532"},"modified":"2024-04-06T11:14:44","modified_gmt":"2024-04-06T09:14:44","slug":"wedding-dress","status":"publish","type":"product","link":"https:\/\/www.ilsa.ba\/en\/product\/wedding-dress\/","title":{"rendered":"Wedding dress"},"content":{"rendered":"<p>Vjen\u010danica 1130<br \/>\n(Set uklju\u010duje vjen\u010danicu i korset)<\/p>","protected":false},"excerpt":{"rendered":"<h6>DIMENZIONIRANJE<\/h6>\n<ul>\n<li>Od mjera je potrebno: \u0161irina le\u0111a, obim grudi, obim struka, obim bokova, obim nadlaktice, obim ru\u010dnog zgloba, du\u017eina rukava, ukupna du\u017eina haljine, ukupna du\u017eina suknje.<\/li>\n<\/ul>\n<h6>ODR\u017dAVANJE<\/h6>\n<ul>\n<li>Ma\u0161insko pranje do 40\u00b0C.<\/li>\n<li>Su\u0161enje na zraku ili u ma\u0161ini za su\u0161enje ve\u0161a, pa\u017eljivo peglati sa unutra\u0161nje strane.<\/li>\n<li>Materijal: brokat ili saten \/ \u017eeljenu tkaninu upisati u polje &#8220;napomena&#8221;.<\/li>\n<li>Boja: ledena bijela ili biser bijela \/ \u017eeljenu boju upisati u polje &#8220;napomena&#8221;.<\/li>\n<\/ul>","protected":false},"featured_media":533,"comment_status":"open","ping_status":"closed","template":"","meta":[],"product_brand":[],"product_cat":[44],"product_tag":[],"class_list":{"0":"post-532","1":"product","2":"type-product","3":"status-publish","4":"has-post-thumbnail","6":"product_cat-vjencanica","8":"first","9":"instock","10":"shipping-taxable","11":"purchasable","12":"product-type-simple"},"_links":{"self":[{"href":"https:\/\/www.ilsa.ba\/en\/wp-json\/wp\/v2\/product\/532","targetHints":{"allow":["GET"]}}],"collection":[{"href":"https:\/\/www.ilsa.ba\/en\/wp-json\/wp\/v2\/product"}],"about":[{"href":"https:\/\/www.ilsa.ba\/en\/wp-json\/wp\/v2\/types\/product"}],"replies":[{"embeddable":true,"href":"https:\/\/www.ilsa.ba\/en\/wp-json\/wp\/v2\/comments?post=532"}],"wp:featuredmedia":[{"embeddable":true,"href":"https:\/\/www.ilsa.ba\/en\/wp-json\/wp\/v2\/media\/533"}],"wp:attachment":[{"href":"https:\/\/www.ilsa.ba\/en\/wp-json\/wp\/v2\/media?parent=532"}],"wp:term":[{"taxonomy":"product_brand","embeddable":true,"href":"https:\/\/www.ilsa.ba\/en\/wp-json\/wp\/v2\/product_brand?post=532"},{"taxonomy":"product_cat","embeddable":true,"href":"https:\/\/www.ilsa.ba\/en\/wp-json\/wp\/v2\/product_cat?post=532"},{"taxonomy":"product_tag","embeddable":true,"href":"https:\/\/www.ilsa.ba\/en\/wp-json\/wp\/v2\/product_tag?post=532"}],"curies":[{"name":"wp","href":"https:\/\/api.w.org\/{rel}","templated":true}]}}