{"id":735,"date":"2024-01-17T09:42:28","date_gmt":"2024-01-17T08:42:28","guid":{"rendered":"https:\/\/www.ilsa.ba\/?post_type=product&#038;p=735"},"modified":"2024-11-07T10:26:50","modified_gmt":"2024-11-07T09:26:50","slug":"treasure-abaya-collection-2-4","status":"publish","type":"product","link":"https:\/\/www.ilsa.ba\/en\/product\/treasure-abaya-collection-2-4\/","title":{"rendered":"Treasure Abaya collection 2"},"content":{"rendered":"<ul>\n<li>Abaya (04), \u0161ifra: 1106<\/li>\n<li>Ilsa Hid\u017eab (04), \u0161ifra: 1097<\/li>\n<\/ul>","protected":false},"excerpt":{"rendered":"<h6>DIMENZIONIRANJE<\/h6>\n<ul>\n<li>Veli\u010dina abaye se kre\u0107e u intervalu veli\u010dina 36-48. Kako bi bili sigurni da \u0107e Vam abaya odgovarati, upi\u0161ite navedene mjere u mjerna polja, da bi tim provjerio artikal prije slanja. Prilikom mjerenja metar ne smije da bude suvi\u0161e stegnut niti labavo. Od mjera potrebno: obim grudi, obim nadlaktice, ukupna du\u017eina haljine. U sva ostala mjerna polja upi\u0161ite broj &#8220;0&#8221;.<\/li>\n<\/ul>\n<h6>ODR\u017dAVANJE<\/h6>\n<ul>\n<li>Po\u017eeljno ru\u010dno pranje ili ma\u0161insko pranje do 30\u00b0C.<\/li>\n<li>Su\u0161enje na zraku, pa\u017eljivo peglati sa unutra\u0161nje strane.<\/li>\n<li>Materijal: Medinska svila, Ilsa Hid\u017eab svileni muslin.<\/li>\n<\/ul>","protected":false},"featured_media":1253,"comment_status":"open","ping_status":"closed","template":"","meta":[],"product_brand":[],"product_cat":[38,48],"product_tag":[],"class_list":{"0":"post-735","1":"product","2":"type-product","3":"status-publish","4":"has-post-thumbnail","6":"product_cat-haljina","7":"product_cat-setovi","9":"first","10":"instock","11":"shipping-taxable","12":"purchasable","13":"product-type-simple"},"_links":{"self":[{"href":"https:\/\/www.ilsa.ba\/en\/wp-json\/wp\/v2\/product\/735","targetHints":{"allow":["GET"]}}],"collection":[{"href":"https:\/\/www.ilsa.ba\/en\/wp-json\/wp\/v2\/product"}],"about":[{"href":"https:\/\/www.ilsa.ba\/en\/wp-json\/wp\/v2\/types\/product"}],"replies":[{"embeddable":true,"href":"https:\/\/www.ilsa.ba\/en\/wp-json\/wp\/v2\/comments?post=735"}],"wp:featuredmedia":[{"embeddable":true,"href":"https:\/\/www.ilsa.ba\/en\/wp-json\/wp\/v2\/media\/1253"}],"wp:attachment":[{"href":"https:\/\/www.ilsa.ba\/en\/wp-json\/wp\/v2\/media?parent=735"}],"wp:term":[{"taxonomy":"product_brand","embeddable":true,"href":"https:\/\/www.ilsa.ba\/en\/wp-json\/wp\/v2\/product_brand?post=735"},{"taxonomy":"product_cat","embeddable":true,"href":"https:\/\/www.ilsa.ba\/en\/wp-json\/wp\/v2\/product_cat?post=735"},{"taxonomy":"product_tag","embeddable":true,"href":"https:\/\/www.ilsa.ba\/en\/wp-json\/wp\/v2\/product_tag?post=735"}],"curies":[{"name":"wp","href":"https:\/\/api.w.org\/{rel}","templated":true}]}}