{"id":748,"date":"2024-01-17T10:16:21","date_gmt":"2024-01-17T09:16:21","guid":{"rendered":"https:\/\/www.ilsa.ba\/?post_type=product&#038;p=748"},"modified":"2024-05-06T15:31:54","modified_gmt":"2024-05-06T13:31:54","slug":"lets-fall-in-love-collection","status":"publish","type":"product","link":"https:\/\/www.ilsa.ba\/en\/product\/lets-fall-in-love-collection\/","title":{"rendered":"Let\u00b4s fall in love collection"},"content":{"rendered":"<p>Pamuk haljina (2022)<\/p>\n<p>Pamuk bluza (2019)<\/p>","protected":false},"excerpt":{"rendered":"<h6>DIMENZIONIRANJE<\/h6>\n<ul>\n<li>Veli\u010dine artikala se kre\u0107e u intervalu\u00a0 36-48. Kako bi bili sigurni da \u0107e Vam artikli odgovarati, upi\u0161ite navedene mjere u mjerna polja, da bi tim provjerili artikal prije slanja. Prilikom mjerenja metar ne smije da bude suvi\u0161e stegnut niti labavo. Od mjera potrebno: obim grudi, obim nadlaktice, du\u017eina rukava, ukupna du\u017eina haljine. U sva ostala mjerna polja upi\u0161ite broj &#8220;0&#8221;.<\/li>\n<\/ul>\n<h6>ODR\u017dAVANJE<\/h6>\n<ul>\n<li>Ma\u0161insko pranje na 40\u00b0C.<\/li>\n<li>Su\u0161enje na zrak ili u ma\u0161ini za su\u0161enje ve\u0161a.<\/li>\n<li>Materijal: Pamuk, deblji pamuk (haljina).<\/li>","protected":false},"featured_media":1207,"comment_status":"open","ping_status":"closed","template":"","meta":[],"product_brand":[],"product_cat":[38,19,17,48,20],"product_tag":[],"class_list":{"0":"post-748","1":"product","2":"type-product","3":"status-publish","4":"has-post-thumbnail","6":"product_cat-haljina","7":"product_cat-jesen","8":"product_cat-proljece","9":"product_cat-setovi","10":"product_cat-zima","12":"first","13":"instock","14":"shipping-taxable","15":"purchasable","16":"product-type-simple"},"_links":{"self":[{"href":"https:\/\/www.ilsa.ba\/en\/wp-json\/wp\/v2\/product\/748","targetHints":{"allow":["GET"]}}],"collection":[{"href":"https:\/\/www.ilsa.ba\/en\/wp-json\/wp\/v2\/product"}],"about":[{"href":"https:\/\/www.ilsa.ba\/en\/wp-json\/wp\/v2\/types\/product"}],"replies":[{"embeddable":true,"href":"https:\/\/www.ilsa.ba\/en\/wp-json\/wp\/v2\/comments?post=748"}],"wp:featuredmedia":[{"embeddable":true,"href":"https:\/\/www.ilsa.ba\/en\/wp-json\/wp\/v2\/media\/1207"}],"wp:attachment":[{"href":"https:\/\/www.ilsa.ba\/en\/wp-json\/wp\/v2\/media?parent=748"}],"wp:term":[{"taxonomy":"product_brand","embeddable":true,"href":"https:\/\/www.ilsa.ba\/en\/wp-json\/wp\/v2\/product_brand?post=748"},{"taxonomy":"product_cat","embeddable":true,"href":"https:\/\/www.ilsa.ba\/en\/wp-json\/wp\/v2\/product_cat?post=748"},{"taxonomy":"product_tag","embeddable":true,"href":"https:\/\/www.ilsa.ba\/en\/wp-json\/wp\/v2\/product_tag?post=748"}],"curies":[{"name":"wp","href":"https:\/\/api.w.org\/{rel}","templated":true}]}}